{"id":606,"date":"2018-09-03T04:53:11","date_gmt":"2018-09-03T04:53:11","guid":{"rendered":"http:\/\/ecobosse.lmnocommunications.com\/?page_id=606"},"modified":"2019-01-31T02:07:53","modified_gmt":"2019-01-31T02:07:53","slug":"accueil","status":"publish","type":"page","link":"https:\/\/ecobosse.com\/","title":{"rendered":"accueil"},"content":{"rendered":"<p>[et_pb_section bb_built=&#8221;1&#8243; _builder_version=&#8221;3.12.2&#8243; custom_margin=&#8221;0px|0px||0px&#8221; custom_padding=&#8221;0px|0px|2em|0px|false|false&#8221; custom_css_main_element=&#8221;z-index:5555;&#8221; next_background_color=&#8221;#000000&#8243;][et_pb_row use_custom_width=&#8221;on&#8221; custom_width_px=&#8221;1200px&#8221; use_custom_gutter=&#8221;on&#8221; gutter_width=&#8221;1&#8243; custom_padding=&#8221;0px|0px|0px|0px&#8221; custom_margin=&#8221;0px||0px||false&#8221; make_equal=&#8221;on&#8221; padding_right_1=&#8221;0px&#8221; padding_right_2=&#8221;0px&#8221; padding_right_3=&#8221;0px&#8221; padding_left_1=&#8221;0px&#8221; padding_left_2=&#8221;0px&#8221; padding_left_3=&#8221;0px&#8221; _builder_version=&#8221;3.12.2&#8243; background_size=&#8221;initial&#8221; background_position=&#8221;top_left&#8221; background_repeat=&#8221;repeat&#8221; module_alignment=&#8221;center&#8221; custom_margin_last_edited=&#8221;off|desktop&#8221;][et_pb_column type=&#8221;1_3&#8243;][et_pb_blurb admin_label=&#8221;Carnet&#8221; title=&#8221;Carnet de route&#8221; use_icon=&#8221;on&#8221; font_icon=&#8221;%%65%%&#8221; icon_color=&#8221;#ffffff&#8221; use_icon_font_size=&#8221;on&#8221; icon_font_size=&#8221;30px&#8221; module_class=&#8221;ecoBlurb&#8221; _builder_version=&#8221;3.19.5&#8243; header_level=&#8221;h1&#8243; text_orientation=&#8221;center&#8221; custom_css_blurb_image=&#8221;margin-top: -30px;||left: 50%;||transform: translatex(-50%);||position: absolute;||margin-bottom: 0;||||&#8221; custom_css_blurb_title=&#8221;background-color:#505050;||color:#ffffff;||margin-top:0;||padding-top:30px;||margin-bottom:1em;&#8221; use_circle=&#8221;on&#8221; circle_color=&#8221;#505050&#8243;]<\/p>\n<p>Au fil des ann\u00e9es, Ecobosse s&#8217;est rendu un peu partout dans le monde pour partager son savoir-faire. Consultez notre carnet de route.<\/p>\n<div class=\"et_pb_button_module_wrapper et_pb_button_0_wrapper et_pb_button_alignment_center et_pb_module \" style=\"position: absolute; bottom: 1em; left: 50%; transform: translatex(-50%);\"><a class=\"et_pb_button et_pb_custom_button_icon et_pb_button_0 et_pb_bg_layout_light\" href=\"#carnet\" data-icon=\"\ue03c\">Voir plus<\/a><\/div>\n<p>[\/et_pb_blurb][\/et_pb_column][et_pb_column type=&#8221;1_3&#8243;][et_pb_blurb admin_label=&#8221;Adresse&#8221; title=&#8221;Adresse&#8221; use_icon=&#8221;on&#8221; font_icon=&#8221;%%122%%&#8221; icon_color=&#8221;#ffffff&#8221; use_circle=&#8221;on&#8221; circle_color=&#8221;#505050&#8243; use_icon_font_size=&#8221;on&#8221; icon_font_size=&#8221;30px&#8221; module_class=&#8221;ecoBlurb&#8221; _builder_version=&#8221;3.19.5&#8243; header_level=&#8221;h1&#8243; border_width_right=&#8221;1px&#8221; border_color_right=&#8221;#ffffff&#8221; border_width_left=&#8221;1px&#8221; border_color_left=&#8221;#ffffff&#8221; text_orientation=&#8221;center&#8221; custom_css_blurb_image=&#8221;margin-top: -30px;||left: 50%;||transform: translatex(-50%);||position: absolute;||margin-bottom: 0;||||&#8221; custom_css_blurb_title=&#8221;background-color:#505050;||color:#ffffff;||margin-top:0;||padding-top:30px;||margin-bottom:1em;&#8221;]<\/p>\n<p style=\"text-align: center;\">Ecobosse 604A., boul. Armand-Th\u00e9riault,<br \/>Rivi\u00e8re-du-Loup, G5R 6B8<\/p>\n<div class=\"et_pb_button_module_wrapper et_pb_button_0_wrapper et_pb_button_alignment_center et_pb_module \" style=\"position: absolute; bottom: 1em; left: 50%; transform: translatex(-50%);\"><a class=\"et_pb_button et_pb_custom_button_icon et_pb_button_0 et_pb_bg_layout_light\" href=\"#adresse\" data-icon=\"\ue03c\">Voir la carte<\/a><\/div>\n<p>[\/et_pb_blurb][\/et_pb_column][et_pb_column type=&#8221;1_3&#8243;][et_pb_blurb admin_label=&#8221;Telephone&#8221; title=&#8221;T\u00e9l\u00e9phone&#8221; use_icon=&#8221;on&#8221; font_icon=&#8221;%%264%%&#8221; icon_color=&#8221;#ffffff&#8221; use_circle=&#8221;on&#8221; circle_color=&#8221;#505050&#8243; use_icon_font_size=&#8221;on&#8221; icon_font_size=&#8221;30px&#8221; module_class=&#8221;ecoBlurb&#8221; _builder_version=&#8221;3.19.5&#8243; header_level=&#8221;h1&#8243; text_orientation=&#8221;center&#8221; custom_css_blurb_image=&#8221;margin-top: -30px;||left: 50%;||transform: translatex(-50%);||position: absolute;||margin-bottom: 0;||||&#8221; custom_css_blurb_title=&#8221;background-color:#505050;||color:#ffffff;||margin-top:0;||padding-top:30px;||margin-bottom:1em;&#8221;]<\/p>\n<h1 style=\"text-align: center;\">418 714-2963<\/h1>\n<h6 style=\"text-align: center;\">Courriel: <a style=\"color: #918c13;\" href=\"mailto:jps@ecobosse.com\">jps@ecobosse.com<\/a><\/h6>\n<div class=\"et_pb_button_module_wrapper et_pb_button_0_wrapper et_pb_button_alignment_center et_pb_module \" style=\"position: absolute; bottom: 1em; left: 50%; transform: translatex(-50%);\"><a id=\"overlay_unique_id_726\" class=\"et_pb_button et_pb_custom_button_icon et_pb_button_0 et_pb_bg_layout_light\" style=\"color: #ee0000!important; border-color: #ee0000;\" href=\"#\" data-icon=\"\ue03c\">\u00c9VALUATION DSP<\/a><\/div>\n<p>[\/et_pb_blurb][\/et_pb_column][\/et_pb_row][\/et_pb_section][et_pb_section bb_built=&#8221;1&#8243; _builder_version=&#8221;3.12.2&#8243; custom_margin=&#8221;0px|||&#8221; custom_padding=&#8221;54px|0px|53px|0px|false|false&#8221; top_divider_style=&#8221;mountains&#8221; top_divider_color=&#8221;rgba(145,140,19,0.41)&#8221; prev_background_color=&#8221;#000000&#8243; next_background_color=&#8221;#f5f2f2&#8243;][et_pb_row _builder_version=&#8221;3.0.48&#8243; background_size=&#8221;initial&#8221; background_position=&#8221;top_left&#8221; background_repeat=&#8221;repeat&#8221;][et_pb_column type=&#8221;1_2&#8243;][et_pb_text _builder_version=&#8221;3.19.5&#8243;]<\/p>\n<h3 id=\"histo\">Historique de l\u2019entreprise<\/h3>\n<p>Fond\u00e9e en 2005, Ecobosse est une entreprise de la r\u00e9gion, sp\u00e9cialis\u00e9e en d\u00e9bosselage sans peinture. Depuis sa fondation, Ecobosse a d\u00e9velopp\u00e9 son expertise et a \u00e9tabli une cr\u00e9dibilit\u00e9 ind\u00e9niable aupr\u00e8s des compagnies d\u2019assurances (r\u00e9paration de dommages d\u00fbs \u00e0 la gr\u00eale), des concessionnaires et des particuliers.<\/p>\n<p>De plus la qualit\u00e9 de son travail lui am\u00e8ne en majeure partie des contrats de sous-traitance en r\u00e9paration de v\u00e9hicules gr\u00eal\u00e9s pour des compagnies de gestion de sinistres. Ainsi, son savoir-faire la fait voyager \u00e0 divers endroits du Canada, de la France et m\u00eame de l\u2019Australie pour ainsi exercer sa passion.<\/p>\n<h3>Notre Mission<\/h3>\n<p>La mission premi\u00e8re de Ecobosse est de r\u00e9parer des dommages d\u00fb a la gr\u00eale, \u00e0 un coup de porte, o\u00f9 par un impact quelconque, sans l\u2019utilisation de produit tel que, peinture et solvant, nuisible \u00e0 l\u2019environnement.<\/p>\n<h3>Notre Client\u00e8le<\/h3>\n<p>Je propose mes services aux compagnies d\u2019assurances, aux compagnies de gestion de sinistres, aux concessionnaires automobiles, aux carrosseries, aux ateliers de m\u00e9canique, aux compagnies de locations de v\u00e9hicules, aux particuliers qui louent leur voiture, bref \u00e0 tout clients potentiels d\u00e9sirant faire r\u00e9parer leur v\u00e9hicule suite \u00e0 une petite collision.<\/p>\n<p>[\/et_pb_text][\/et_pb_column][et_pb_column type=&#8221;1_2&#8243;][et_pb_text _builder_version=&#8221;3.19.5&#8243;]<\/p>\n<h3>Les avantages reli\u00e9s a l\u2019expertise de Ecobosse<\/h3>\n<ul>\n<li>Le temps d\u2019intervention, gr\u00e2ce \u00e0 ce proc\u00e9d\u00e9, est tr\u00e8s court (environ 15 \u00e0 45 minutes pour une bosse de la taille d\u2019une balle de golf).<\/li>\n<li>Le temps d\u2019immobilisation du v\u00e9hicule est courte dur\u00e9e (gr\u00e2ce au temps d\u2019intervention).<\/li>\n<li>La peinture d\u2019origine est conserv\u00e9e et ses qualit\u00e9s pr\u00e9serv\u00e9es (cela \u00e9vite ainsi qu\u2019il y ait plusieurs teintes diff\u00e9rentes sur le v\u00e9hicule).<\/li>\n<li>La finition est parfaite. Contrairement \u00e0 certains d\u00e9fauts de la carrosserie traditionnelle (mauvaise teinte, d\u00e9faut de plan\u00e9it\u00e9 d\u00fb au pon\u00e7age, peinture mat, inclusions dans le vernis, d\u00e9tourage du mastic).<\/li>\n<li>Le co\u00fbt de la r\u00e9paration est jusqu\u2019\u00e0 50 % inf\u00e9rieur \u00e0 celui de la carrosserie traditionnelle.<\/li>\n<li>La r\u00e9paration est invisible m\u00eame pour certains professionnels de la carrosserie (avantage \u00e0 la revente du v\u00e9hicule).<\/li>\n<li>Ce proc\u00e9d\u00e9 est 100 % \u00e9cologique (pas d\u2019utilisation de peinture, ni de solvants).<\/li>\n<\/ul>\n<hr>\n<h4>Pour un travail professionnel, d\u2019une qualit\u00e9 exceptionnelle et garantie, contacter ECOBOSSE.<\/h4>\n<h4 style=\"text-align: center;\"><strong><span style=\"color: #918c13;\">418 714-2963 &#8211; <a style=\"color: #918c13;\" href=\"mailto:jps@ecobosse.com\">jps@ecobosse.com<\/a><\/span><\/strong><\/h4>\n<p>[\/et_pb_text][\/et_pb_column][\/et_pb_row][\/et_pb_section][et_pb_section bb_built=&#8221;1&#8243; specialty=&#8221;off&#8221; prev_background_color=&#8221;#ffffff&#8221; _builder_version=&#8221;3.14&#8243; background_color=&#8221;#f5f2f2&#8243; custom_padding=&#8221;0px|||&#8221; next_background_color=&#8221;#ffffff&#8221;][et_pb_row _builder_version=&#8221;3.14&#8243; custom_padding=&#8221;0px|||&#8221;][et_pb_column type=&#8221;4_4&#8243;][et_pb_code _builder_version=&#8221;3.14&#8243;]<a id=\"carnet\"><\/a><\/p>\n<div class=\"sep-text single centered\"><!-- [et_pb_line_break_holder] --> <span class=\"sep-text-before\"><!-- [et_pb_line_break_holder] --> <\/p>\n<div class=\"sep-text-line\"><\/div>\n<p><!-- [et_pb_line_break_holder] --> <\/span><!-- [et_pb_line_break_holder] --> <\/p>\n<div class=\"content\"><!-- [et_pb_line_break_holder] --> <\/p>\n<h2 class=\"regular-title-wrapper\"> <!-- [et_pb_line_break_holder] --> Carnet de route<!-- [et_pb_line_break_holder] --> <\/h2>\n<p><!-- [et_pb_line_break_holder] --> <\/div>\n<p><!-- [et_pb_line_break_holder] --> <span class=\"sep-text-after\"><!-- [et_pb_line_break_holder] --> <\/p>\n<div class=\"sep-text-line\"><\/div>\n<p><!-- [et_pb_line_break_holder] --> <\/span><!-- [et_pb_line_break_holder] --><\/div>\n<p>[\/et_pb_code][\/et_pb_column][\/et_pb_row][et_pb_row][et_pb_column type=&#8221;4_4&#8243;][et_pb_blog _builder_version=&#8221;3.19.5&#8243; posts_number=&#8221;6&#8243; include_categories=&#8221;8&#8243; meta_date=&#8221;Y-M-J&#8221; show_author=&#8221;off&#8221; show_categories=&#8221;off&#8221; fullwidth=&#8221;off&#8221; module_class=&#8221;ecoFrontPage&#8221; \/][\/et_pb_column][\/et_pb_row][\/et_pb_section][et_pb_section bb_built=&#8221;1&#8243; fullwidth=&#8221;off&#8221; specialty=&#8221;off&#8221; prev_background_color=&#8221;#f5f2f2&#8243; next_background_color=&#8221;#515151&#8243;][et_pb_row _builder_version=&#8221;3.14&#8243; custom_padding=&#8221;0px|||&#8221;][et_pb_column type=&#8221;4_4&#8243;][et_pb_code _builder_version=&#8221;3.19.5&#8243;]<a id=\"avant\"><\/a><\/p>\n<div class=\"sep-text single centered\"><!-- [et_pb_line_break_holder] --> <span class=\"sep-text-before\"><!-- [et_pb_line_break_holder] --> <\/p>\n<div class=\"sep-text-line\"><\/div>\n<p><!-- [et_pb_line_break_holder] --> <\/span><!-- [et_pb_line_break_holder] --> <\/p>\n<div class=\"content\"><!-- [et_pb_line_break_holder] --> <\/p>\n<h2 class=\"regular-title-wrapper\"> <!-- [et_pb_line_break_holder] --> AVANT \/ APR\u00c8S<!-- [et_pb_line_break_holder] --> <\/h2>\n<p><!-- [et_pb_line_break_holder] --> <\/div>\n<p><!-- [et_pb_line_break_holder] --> <span class=\"sep-text-after\"><!-- [et_pb_line_break_holder] --> <\/p>\n<div class=\"sep-text-line\"><\/div>\n<p><!-- [et_pb_line_break_holder] --> <\/span><!-- [et_pb_line_break_holder] --><\/div>\n<p>[\/et_pb_code][\/et_pb_column][\/et_pb_row][et_pb_row][et_pb_column type=&#8221;1_4&#8243;][et_pb_before_after _builder_version=&#8221;3.14&#8243; before_image=&#8221;https:\/\/ecobosse.com\/wp-content\/uploads\/2018\/09\/IMG_4257-e1536299145841.jpg&#8221; after_image=&#8221;https:\/\/ecobosse.com\/wp-content\/uploads\/2018\/09\/IMG_4260-e1536299232232.jpg&#8221; style=&#8221;style-2&#8243; transition=&#8221;slide-horizontally&#8221; show_labels=&#8221;on&#8221; before_label=&#8221;Avant&#8221; after_label=&#8221;Apr\u00e8s&#8221; show_caption=&#8221;off&#8221; \/][\/et_pb_column][et_pb_column type=&#8221;1_4&#8243;][et_pb_before_after _builder_version=&#8221;3.14&#8243; before_image=&#8221;https:\/\/ecobosse.com\/wp-content\/uploads\/2018\/09\/IMG_8795-e1536354393640.png&#8221; after_image=&#8221;https:\/\/ecobosse.com\/wp-content\/uploads\/2018\/09\/IMG_8798-e1536343222275.jpg&#8221; style=&#8221;style-2&#8243; transition=&#8221;slide-horizontally&#8221; show_labels=&#8221;on&#8221; before_label=&#8221;Avant&#8221; after_label=&#8221;Apr\u00e8s&#8221; show_caption=&#8221;off&#8221; \/][\/et_pb_column][et_pb_column type=&#8221;1_4&#8243;][et_pb_before_after _builder_version=&#8221;3.14&#8243; before_image=&#8221;https:\/\/ecobosse.com\/wp-content\/uploads\/2018\/09\/IMG_2376-e1536343420311.jpg&#8221; after_image=&#8221;https:\/\/ecobosse.com\/wp-content\/uploads\/2018\/09\/IMG_2378-e1536343445716.jpg&#8221; style=&#8221;style-2&#8243; transition=&#8221;slide-horizontally&#8221; show_labels=&#8221;on&#8221; before_label=&#8221;Avant&#8221; after_label=&#8221;Apr\u00e8s&#8221; show_caption=&#8221;off&#8221; \/][\/et_pb_column][et_pb_column type=&#8221;1_4&#8243;][et_pb_before_after _builder_version=&#8221;3.14&#8243; before_image=&#8221;https:\/\/ecobosse.com\/wp-content\/uploads\/2018\/11\/29216263_1719326374769469_8067439717223759872_n.jpg&#8221; after_image=&#8221;https:\/\/ecobosse.com\/wp-content\/uploads\/2018\/11\/29257905_1719326364769470_8117421218014953472_n.jpg&#8221; style=&#8221;style-2&#8243; transition=&#8221;slide-horizontally&#8221; show_labels=&#8221;on&#8221; before_label=&#8221;Avant&#8221; after_label=&#8221;Apr\u00e8s&#8221; show_caption=&#8221;off&#8221; \/][\/et_pb_column][\/et_pb_row][\/et_pb_section][et_pb_section bb_built=&#8221;1&#8243; specialty=&#8221;off&#8221; prev_background_color=&#8221;#ffffff&#8221; _builder_version=&#8221;3.14&#8243; background_color=&#8221;#515151&#8243;][et_pb_row][et_pb_column type=&#8221;1_3&#8243;][et_pb_text _builder_version=&#8221;3.19.5&#8243; text_text_color=&#8221;#f4f4f4&#8243;]<\/p>\n<p><a id=\"map\"><\/a>&nbsp;<\/p>\n<h2 style=\"color: #f4f4f4;\">Ecobosse<\/h2>\n<h3 style=\"color: #f4f4f4;\">604A boul. Armand-Th\u00e9riault<br \/>\nRivi\u00e8re-du-Loup<br \/>\nG5R 6B8<\/h3>\n<h4 style=\"color: #f4f4f4;\"><strong>418 714-2963<\/strong><\/h4>\n<p>&nbsp;<\/p>\n<h4 style=\"color: #f4f4f4;\">Courriel: <a href=\"mailto:jps@ecobosse.com\">jps@ecobosse.com<\/a><\/h4>\n<p>[\/et_pb_text][\/et_pb_column][et_pb_column type=&#8221;2_3&#8243;][et_pb_map _builder_version=&#8221;3.19.5&#8243; address=&#8221;604 Boulevard Armand-Th\u00e9riault, Rivi\u00e8re-du-Loup, QC G5R 2C7, Canada&#8221; address_lat=&#8221;47.8180154&#8243; address_lng=&#8221;-69.53384599999998&#8243;][et_pb_map_pin _builder_version=&#8221;3.14&#8243; zoom_level=&#8221;18&#8243; pin_address_lat=&#8221;47.8180154&#8243; pin_address_lng=&#8221;-69.53384599999998&#8243; title=&#8221;\u00c9cobosse&#8221; db_start_open=&#8221;off&#8221; pin_address=&#8221;604 Boulevard Armand-Th\u00e9riault, Rivi\u00e8re-du-Loup, QC G5R 2C7, Canada&#8221; \/][\/et_pb_map][\/et_pb_column][\/et_pb_row][\/et_pb_section]<\/p>\n","protected":false},"excerpt":{"rendered":"<p>Au fil des ann\u00e9es, Ecobosse s&#8217;est rendu un peu partout dans le monde pour partager son savoir-faire. Consultez notre carnet de route. Voir plus Ecobosse 604A., boul. Armand-Th\u00e9riault,Rivi\u00e8re-du-Loup, G5R 6B8 Voir la carte 418 714-2963 Courriel: jps@ecobosse.com \u00c9VALUATION DSP Historique de l\u2019entreprise Fond\u00e9e en 2005, Ecobosse est une entreprise de la r\u00e9gion, sp\u00e9cialis\u00e9e en d\u00e9bosselage [&hellip;]<\/p>\n","protected":false},"author":2,"featured_media":0,"parent":0,"menu_order":0,"comment_status":"closed","ping_status":"closed","template":"","meta":{"_et_pb_use_builder":"on","_et_pb_old_content":"","_et_gb_content_width":"","footnotes":""},"class_list":["post-606","page","type-page","status-publish","hentry"],"_links":{"self":[{"href":"https:\/\/ecobosse.com\/index.php?rest_route=\/wp\/v2\/pages\/606","targetHints":{"allow":["GET"]}}],"collection":[{"href":"https:\/\/ecobosse.com\/index.php?rest_route=\/wp\/v2\/pages"}],"about":[{"href":"https:\/\/ecobosse.com\/index.php?rest_route=\/wp\/v2\/types\/page"}],"author":[{"embeddable":true,"href":"https:\/\/ecobosse.com\/index.php?rest_route=\/wp\/v2\/users\/2"}],"replies":[{"embeddable":true,"href":"https:\/\/ecobosse.com\/index.php?rest_route=%2Fwp%2Fv2%2Fcomments&post=606"}],"version-history":[{"count":85,"href":"https:\/\/ecobosse.com\/index.php?rest_route=\/wp\/v2\/pages\/606\/revisions"}],"predecessor-version":[{"id":841,"href":"https:\/\/ecobosse.com\/index.php?rest_route=\/wp\/v2\/pages\/606\/revisions\/841"}],"wp:attachment":[{"href":"https:\/\/ecobosse.com\/index.php?rest_route=%2Fwp%2Fv2%2Fmedia&parent=606"}],"curies":[{"name":"wp","href":"https:\/\/api.w.org\/{rel}","templated":true}]}}